{"id":467,"date":"2011-11-12T09:22:05","date_gmt":"2011-11-12T08:22:05","guid":{"rendered":"https:\/\/www.nordnordost.se\/?page_id=467"},"modified":"2014-01-13T22:25:04","modified_gmt":"2014-01-13T21:25:04","slug":"spelen-vi-spelar","status":"publish","type":"page","link":"https:\/\/www.nordnordost.se\/?page_id=467","title":{"rendered":"Spelpresentationer i kortform"},"content":{"rendered":"<p>H\u00e4r presenterar vi n\u00e5gra av de spel vi haft med oss<br \/>\ntill olika konvent under \u00e5ren.<\/p>\n<p>&nbsp;<\/p>\n<p><strong>A Taste For Murder av Graham Walmsley<\/strong><\/p>\n<p><em>A Taste For Murder \u00e4r ett spel d\u00e4r man spelar en fin familj<a href=\"https:\/\/www.nordnordost.se\/wp-content\/uploads\/2011\/11\/ATaste-For-Murder.png\"><img loading=\"lazy\" class=\"alignright size-full wp-image-542\" title=\"ATaste-For-Murder\" alt=\"\" src=\"https:\/\/www.nordnordost.se\/wp-content\/uploads\/2011\/11\/ATaste-For-Murder.png\" width=\"150\" height=\"230\" \/><\/a> p\u00e5 en brittisk herrg\u00e5rd under mellankrigstiden. N\u00e5gon av dem kommer att beg\u00e5 ett mord, men inte ens den skyldige vet om det \u00e4n \u2026<\/em><\/p>\n<p>Spelet spelas utan spelledare och passar f\u00f6r fyra till sex deltagare. Under f\u00f6rsta akten f\u00e5r man l\u00e4ra k\u00e4nna familjen, sedan beg\u00e5s det hiskeliga mordet. Den spelare vars rollperson blir m\u00f6rdad spelar nu ist\u00e4llet kriminalinspekt\u00f6r Chapel fr\u00e5n Scotland Yard. Under andra akten rotar Chapel och familjemedlemmarna runt i vilka relationer de verkligen hade till offret f\u00f6r att se vilka som hade motiv till att beg\u00e5 mordet, och i spelets slutskede avsl\u00f6jas den skyldige.<\/p>\n<p><a title=\"A Taste For Murder @ the inde rpgs un-store\" href=\"http:\/\/theunstore.com\/index.php\/unstore\/game\/78\" target=\"_blank\">theunstore.com\/index.php\/unstore\/game\/78<\/a><\/p>\n<p>&nbsp;<\/p>\n<p><strong>A Thousand and One Nights av Meguey Baker<\/strong><\/p>\n<p><em>A Thousand and One Nights \u00e4r ett <\/em><em>spel<a href=\"https:\/\/www.nordnordost.se\/wp-content\/uploads\/2011\/11\/Thousand-and-one-nights1.png\"><img loading=\"lazy\" class=\"alignright size-full wp-image-745\" title=\"Thousand-and-one-nights\" alt=\"\" src=\"https:\/\/www.nordnordost.se\/wp-content\/uploads\/2011\/11\/Thousand-and-one-nights1.png\" width=\"150\" height=\"220\" \/><\/a> d\u00e4r man spelar sagor och \u00e4r inspirerat av Tusen och en Natt. Spelet sker i tv\u00e5 niv\u00e5er, dels spelar man folk vid sultanens hov, och dels spelar man personerna i sagorna som hovfolket ber\u00e4ttar f\u00f6r varandra.<\/em><\/p>\n<p>Hovspelet \u00e4r spelledarl\u00f6st och passar f\u00f6r fyra till sex deltagare. N\u00e4r man ber\u00e4ttar en saga f\u00e5r sagober\u00e4ttaren en spelledarliknande roll, deltagarna turas om att ber\u00e4tta sagor.<\/p>\n<p><a href=\"http:\/\/nightskygames.com\/welcome\/game\/1001Nights\">nightskygames.com\/welcome\/game\/1001Nights<\/a><\/p>\n<p>&nbsp;<\/p>\n<p><strong>The Daughters of Verona av Wilhelm Person<\/strong><\/p>\n<p><em>The Daughters of Verona \u00e4r ett spel <\/em><a href=\"https:\/\/www.nordnordost.se\/wp-content\/uploads\/2011\/11\/tdovcover.png\"><img loading=\"lazy\" class=\"alignright size-full wp-image-730\" title=\"tdovcover\" alt=\"\" src=\"https:\/\/www.nordnordost.se\/wp-content\/uploads\/2011\/11\/tdovcover.png\" width=\"150\" height=\"176\" \/><\/a><em>d\u00e4r man spelar komedier i Shakespeares anda. Med komedi menas att det blir ett br\u00f6llop p\u00e5 slutet &#8211; till skillnad fr\u00e5n en tragedi, d\u00e4r alla d\u00f6r p\u00e5 slutet. Det \u00e4r lite som rollspel, lite som teater och st\u00e4ndigt roligt!<\/em><\/p>\n<p>Spelet \u00e4r spelledarl\u00f6st och f\u00f6r fyra till sex deltagare. Det passar naturligtvis v\u00e4ldigt bra f\u00f6r Shakespeareentusiaster, men alla som lockas av att spela en romantisk komedi kan ha kul med det.<\/p>\n<p><a title=\"The Daughters of Verona @ Wilper's Blog\" href=\"http:\/\/wilper.wordpress.com\/the-daughters-of-verona\/\" target=\"_blank\">wilper.wordpress.com\/the-daughters-of-verona<\/a><\/p>\n<p>&nbsp;<\/p>\n<p><strong>Fiasco av Jason Morningstar<\/strong><\/p>\n<p><em>Fiasco \u00e4r som den d\u00e4r filmen d\u00e4r alla har en massa <\/em><a href=\"https:\/\/www.nordnordost.se\/wp-content\/uploads\/2011\/11\/Fiasco.png\"><img loading=\"lazy\" class=\"alignright size-full wp-image-747\" title=\"Fiasco\" alt=\"\" src=\"https:\/\/www.nordnordost.se\/wp-content\/uploads\/2011\/11\/Fiasco.png\" width=\"150\" height=\"222\" \/><\/a><em>r\u00e4tt korkade planer f\u00f6r att bli rika fort, ta h\u00e4mnd, eller bara lyckas komma ifr\u00e5n stan. Den d\u00e4r filmen d\u00e4r det g\u00e5r d\u00e5ligt f\u00f6r alla, men p\u00e5 ett roligt s\u00e4tt. Burn After Reading, Big Lebowski, eller Bad Santa kanske?<br \/>\n<\/em><\/p>\n<p>Spelet \u00e4r spelledarl\u00f6st och passar f\u00f6r fyra till fem spelare. Innan spelet b\u00f6rjar v\u00e4ljer man ett playset, en samling tabeller med ett tema, som man bygger spelomg\u00e5ngen p\u00e5. Det brukar bli mycket skratt och svart humor.<\/p>\n<p><a title=\"Fiasco\" href=\"http:\/\/www.bullypulpitgames.com\/games\/fiasco\/\" target=\"_blank\">www.bullypulpitgames.com\/games\/fiasco\/<\/a><\/p>\n<p>&nbsp;<\/p>\n<p><strong>G \u00d7 B av Jake Richmond<\/strong><\/p>\n<p><em>G \u00d7 B \u00e4r ett japanskt dating sim i bordsrollspelsformat. <\/em><em><a href=\"https:\/\/www.nordnordost.se\/wp-content\/uploads\/2011\/11\/g-x-b.png\"><img loading=\"lazy\" class=\"alignright size-full wp-image-749\" title=\"g-x-b\" alt=\"\" src=\"https:\/\/www.nordnordost.se\/wp-content\/uploads\/2011\/11\/g-x-b.png\" width=\"150\" height=\"225\" \/><\/a><\/em><em><br \/>\nEn spelare tar rollen som Momoko, en blyg tjej i ettan som l\u00e4ngtar efter att f\u00e5 bli k\u00e4r. De andra spelarna tar rollerna som hennes beundrare. Vem kommer f\u00e5nga hennes hj\u00e4rta?<\/em><\/p>\n<p><em><\/em>Spelet \u00e4r spelledarl\u00f6st och byggt p\u00e5 v\u00e4ldigt enkla regler. Det finns bara fyra roller, men det g\u00e5r bra att spela p\u00e5 fyra till sex personer om n\u00e5gra tycker det \u00e4r okej att inte spela n\u00e5gon av beundrarna. Speltiden \u00e4r kort, cirka en timme.<\/p>\n<p><a title=\"atarashigames.wordpress.com\/925-2\/\" href=\"http:\/\/atarashigames.wordpress.com\/925-2\/\">atarashigames.wordpress.com\/925-2<\/a><\/p>\n<p>&nbsp;<\/p>\n<p><strong>H\u00f6stdimma av Wilhelm Person<\/strong><\/p>\n<p><em>H\u00f6stdimma \u00e4r ett <\/em><a href=\"https:\/\/www.nordnordost.se\/wp-content\/uploads\/2011\/11\/hostdimmacover.png\"><img loading=\"lazy\" class=\"alignright size-full wp-image-545\" title=\"H\u00f6stdimma\" alt=\"H\u00f6stdimma\" src=\"https:\/\/www.nordnordost.se\/wp-content\/uploads\/2011\/11\/hostdimmacover.png\" width=\"150\" height=\"196\" \/><\/a><em> postapokalyptiskt agentrollspel i 1700-talsmilj\u00f6 med swashbucklingk\u00e4nsla. Det st\u00e5r med ena foten bland de traditionella rollspelen och med den andra i samber\u00e4ttandet.<\/em><\/p>\n<p>Spelet spelas med spelledare. \u00c4ventyren som f\u00f6ljer med i boken \u00e4r skrivna f\u00f6r en spelledare och fyra till fem spelare. Ett spel som passar dem som spelat mycket traditionella rollspel, men vill testa indiespel.<\/p>\n<p><a href=\"http:\/\/www.ludd.ltu.se\/~wilper\/hostdimma\/\">www.ludd.ltu.se\/~wilper\/hostdimma\/<\/a><\/p>\n<p>&nbsp;<\/p>\n<p><strong>Love in the Time of Sei\u00f0 av Jason Morningstar och Matthijs Holter<\/strong><\/p>\n<p><em>Love in the Time of Sei\u00f0 \u00e4r en vikingasaga<\/em><a href=\"https:\/\/www.nordnordost.se\/wp-content\/uploads\/2011\/11\/littos_cover.jpg\"><img loading=\"lazy\" class=\"alignright size-full wp-image-522\" title=\"Love in the Time of Sei\u00f0\" alt=\"Love in the Time of Sei\u00f0\" src=\"https:\/\/www.nordnordost.se\/wp-content\/uploads\/2011\/11\/littos_cover.jpg\" width=\"150\" height=\"226\" \/><\/a><em> skiven av Wagner och Shakespeare!<\/em><\/p>\n<p>Spelet spelas utan spelledare, och de fem spelarna anv\u00e4nder f\u00e4rdiga rollpersoner. En upps\u00e4ttning kort beskriver platserna i historien, genom att v\u00e4lja olika tolkningar av platserna kan man f\u00e5 v\u00e4ldigt olika k\u00e4nsla i historien \u00e4ven om det alltid \u00e4r samma situation i spelets b\u00f6rjan.<\/p>\n<p><a href=\"http:\/\/norwegianstyle.wordpress.com\/2010\/06\/04\/love-in-the-time-of-sei%C3%B0\/\">norwegianstyle.wordpress.com\/2010\/06\/04\/love-in-the-time-of-sei%C3%B0\/<\/a><\/p>\n<p>&nbsp;<\/p>\n<p><strong>Panty Explosion Perfect av Jake Richmond<\/strong><strong><\/strong><strong> &amp; Matt Schlotte<\/strong><strong><\/strong><\/p>\n<p><em>Panty Explosion Perfect \u00e4r ett spel<\/em><strong><a href=\"https:\/\/www.nordnordost.se\/wp-content\/uploads\/2011\/11\/Panty-Explosion-Perfect.png\"><img loading=\"lazy\" class=\"alignright size-full wp-image-497\" title=\"Panty Explosion Perfect\" alt=\"Panty Explosion Perfect\" src=\"https:\/\/www.nordnordost.se\/wp-content\/uploads\/2011\/11\/Panty-Explosion-Perfect.png\" width=\"150\" height=\"225\" \/><\/a><\/strong><em> d\u00e4r man spelar japanska skolflickor som sl\u00e5ss mot demoner. Kanske v\u00e4rldens b\u00e4sta rollspel.<\/em><\/p>\n<p>Spelet kan spelas b\u00e5de med och utan spelledare, och passar f\u00f6r fyra till sex deltagare. Spelets hj\u00e4rta \u00e4r en fiffig mekanik d\u00e4r din b\u00e4sta v\u00e4n beskriver dina lyckade handlingar, medan din rival beskriver dina misslyckanden. En demon finns alltid med, men kan vara allt fr\u00e5n ett faktiskt monster till en taskig l\u00e4rare, eller till och med ett ovanligt gruvligt matteprov.<\/p>\n<p><a href=\"http:\/\/atarashigames.wordpress.com\/teachers-lounge\/panty-explosion-perfect\/\" target=\"_blank\">atarashigames.wordpress.com\/teachers-lounge\/panty-explosion-perfect\/<\/a><\/p>\n<p>&nbsp;<\/p>\n<p><strong>Polaris av Ben Lehman<\/strong><\/p>\n<p><em>Polaris \u00e4r ett spel om riddare som <\/em><em>sl\u00e5ss<\/em><em><a href=\"https:\/\/www.nordnordost.se\/wp-content\/uploads\/2011\/11\/Polaris.png\"><img loading=\"lazy\" class=\"alignright size-full wp-image-501\" title=\"Polaris\" alt=\"Polaris\" src=\"https:\/\/www.nordnordost.se\/wp-content\/uploads\/2011\/11\/Polaris.png\" width=\"150\" height=\"210\" \/><\/a><\/em><em> mot demoner p\u00e5<\/em><em><\/em><em> Nordpolen. Ett poetiskt och vackert spel som alltid slutar i tragedi n\u00e4r riddarna d\u00f6r eller sviker sina ideal och g\u00e5r \u00f6ver till demonernas sida. Spelet har en sp\u00e4nnande regelmekanik d\u00e4r spelarna f\u00f6rhandlar om vad som skall ske med hj\u00e4lp av speciella nyckelfraser.<\/em><\/p>\n<p>Spelet \u00e4r spelledarl\u00f6st och l\u00e4mpar sig b\u00e4st f\u00f6r tre till fyra deltagare. F\u00f6r att f\u00e5 hela upplevelsen r\u00e4cker det inte med ett fyratimmars konventspass, men man hinner smaka p\u00e5 spelet i alla fall.<\/p>\n<p><a href=\"http:\/\/swingpad.com\/dustyboots\/wordpress\/index.php?page_id=243\" target=\"_blank\">swingpad.com\/dustyboots\/wordpress\/index.php?page_id=243<\/a><\/p>\n<p><strong>Wicked Archipelago av Jamie Fristrom<\/strong><\/p>\n<p><em>I Wicked Archipelago slumpar man fram sina <\/em><strong><a href=\"https:\/\/www.nordnordost.se\/wp-content\/uploads\/2011\/11\/inawickedage.png\"><img loading=\"lazy\" class=\"alignright size-full wp-image-739\" title=\"inawickedage\" alt=\"\" src=\"https:\/\/www.nordnordost.se\/wp-content\/uploads\/2011\/11\/inawickedage.png\" width=\"150\" height=\"150\" \/><\/a><\/strong><em>rollpersoner och den situation de \u00e4r i. Man anv\u00e4nder en f\u00e4rdig lista som kallas ett orakel. Gemensamt f\u00f6r oraklen \u00e4r att de har korta mycket f\u00e4rgstarka beskrivningar. De agerar spr\u00e5ngbr\u00e4da f\u00f6r spelandet, och tillsammans med korten och fraserna fr\u00e5n Archipelago leds man iv\u00e4g p\u00e5 ov\u00e4ntade och intressanta \u00e4ventyr!<\/em><br \/>\n<strong><\/strong><\/p>\n<p><em><\/em>Spelet \u00e4r en blandning av\u00a0<em>In a Wicked Age<\/em> <a href=\"https:\/\/www.nordnordost.se\/wp-content\/uploads\/2011\/11\/Archipelago3.png\"><img loading=\"lazy\" class=\"alignright size-full wp-image-740\" title=\"Archipelago3\" alt=\"\" src=\"https:\/\/www.nordnordost.se\/wp-content\/uploads\/2011\/11\/Archipelago3.png\" width=\"150\" height=\"201\" \/><\/a>av Vincent Baker (d\u00e4rifr\u00e5n oraklen kommer), och <em>Archipelago<\/em> av Matthijs Holter. Spelet \u00e4r spelledarl\u00f6st, v\u00e4ldigt fritt, och passar f\u00f6r tre till sex deltagare.<\/p>\n<p><a title=\"Wicked Archipelago\" href=\"http:\/\/norwegianstyle.wordpress.com\/2012\/09\/20\/archipelago-iii\/\" target=\"_blank\">www.story-games.com\/forums\/discussion\/16335\/wicked-archipelago-roll-your-own-seid\/p1<\/a><\/p>\n<p><a title=\"Archipelago 3\" href=\"http:\/\/norwegianstyle.wordpress.com\/2012\/09\/20\/archipelago-iii\/\" target=\"_blank\">norwegianstyle.wordpress.com\/2012\/09\/20\/archipelago-iii\/<\/a><\/p>\n<p><a title=\"In a Wicked Age\" href=\"http:\/\/www.lumpley.com\/wicked.html\" target=\"_blank\">www.lumpley.com\/wicked.html<\/a><\/p>\n<p>&nbsp;<\/p>\n<p><strong>Witch Quest av Tsugimi Wakiaka<\/strong><\/p>\n<p><em>Witch Quest \u00e4r ett trevligt spel om <\/em><strong><a href=\"https:\/\/www.nordnordost.se\/wp-content\/uploads\/2011\/11\/Witch-Quest.png\"><img loading=\"lazy\" class=\"alignright size-full wp-image-505\" title=\"Witch-Quest\" alt=\"Witch Quest\" src=\"https:\/\/www.nordnordost.se\/wp-content\/uploads\/2011\/11\/Witch-Quest.png\" width=\"150\" height=\"195\" \/><\/a><\/strong><em>tretton\u00e5riga h\u00e4xor och deras katter. Tillsammans upplever de sn\u00e4lla \u00e4ventyr och det slutar lyckligt. En cool grej med spelet \u00e4r att man spelar i par, en h\u00e4xa och en katt i varje par, och de delar p\u00e5 ett rollformul\u00e4r!<\/em><\/p>\n<p>Spelet har en spelledare och kan uppskattas av alla som tycker om katter och h\u00e4xor, och \u00e4r inspirerat av filmen Kikis Expressbud.<\/p>\n<p><a href=\"http:\/\/yarukizero.wordpress.com\/2010\/02\/11\/witch-quest-book-ii-release\/\">yarukizero.wordpress.com\/2010\/02\/11\/witch-quest-book-ii-release\/<\/a><\/p>\n<p>&nbsp;<\/p>\n<p><strong>Zombie Cinema av Eero Tuovinen<\/strong><\/p>\n<p><em>Zombie Cinema \u00e4r v\u00e4rldens b\u00e4sta <\/em><em>finska <a href=\"https:\/\/www.nordnordost.se\/wp-content\/uploads\/2011\/11\/Zombie-Cinema.png\"><img loading=\"lazy\" class=\"alignright size-full wp-image-506\" title=\"Zombie-Cinema\" alt=\"Zombie Cinema\" src=\"https:\/\/www.nordnordost.se\/wp-content\/uploads\/2011\/11\/Zombie-Cinema.png\" width=\"150\" height=\"254\" \/><\/a><br \/>\nzombiefilmsrollspel!<\/em><\/p>\n<p>Spelet \u00e4r spelledarl\u00f6st och passar f\u00f6r fyra till sex deltagare. Det har v\u00e4ldigt enkla regler och \u00e4r utm\u00e4rkt b\u00e5de f\u00f6r nyb\u00f6rjare och erfarna spelare.<\/p>\n<p><a href=\"http:\/\/www.arkenstonepublishing.net\/zombiecinema\">www.arkenstonepublishing.net\/zombiecinema<\/a><\/p>\n","protected":false},"excerpt":{"rendered":"<p>H\u00e4r presenterar vi n\u00e5gra av de spel vi haft med oss till olika konvent under \u00e5ren. &nbsp; A Taste For Murder av Graham Walmsley A Taste For Murder \u00e4r ett spel d\u00e4r man spelar en fin familj p\u00e5 en brittisk herrg\u00e5rd under mellankrigstiden. N\u00e5gon av dem kommer att beg\u00e5 ett mord, men inte ens den &hellip; <a href=\"https:\/\/www.nordnordost.se\/?page_id=467\" class=\"more-link\">Forts\u00e4tt l\u00e4sa <span class=\"screen-reader-text\">Spelpresentationer i kortform<\/span> <span class=\"meta-nav\">&rarr;<\/span><\/a><\/p>\n","protected":false},"author":2,"featured_media":0,"parent":0,"menu_order":4,"comment_status":"open","ping_status":"open","template":"","meta":[],"_links":{"self":[{"href":"https:\/\/www.nordnordost.se\/index.php?rest_route=\/wp\/v2\/pages\/467"}],"collection":[{"href":"https:\/\/www.nordnordost.se\/index.php?rest_route=\/wp\/v2\/pages"}],"about":[{"href":"https:\/\/www.nordnordost.se\/index.php?rest_route=\/wp\/v2\/types\/page"}],"author":[{"embeddable":true,"href":"https:\/\/www.nordnordost.se\/index.php?rest_route=\/wp\/v2\/users\/2"}],"replies":[{"embeddable":true,"href":"https:\/\/www.nordnordost.se\/index.php?rest_route=%2Fwp%2Fv2%2Fcomments&post=467"}],"version-history":[{"count":49,"href":"https:\/\/www.nordnordost.se\/index.php?rest_route=\/wp\/v2\/pages\/467\/revisions"}],"predecessor-version":[{"id":793,"href":"https:\/\/www.nordnordost.se\/index.php?rest_route=\/wp\/v2\/pages\/467\/revisions\/793"}],"wp:attachment":[{"href":"https:\/\/www.nordnordost.se\/index.php?rest_route=%2Fwp%2Fv2%2Fmedia&parent=467"}],"curies":[{"name":"wp","href":"https:\/\/api.w.org\/{rel}","templated":true}]}}